{"id":18256,"date":"2023-11-27T10:13:58","date_gmt":"2023-11-27T10:13:58","guid":{"rendered":"https:\/\/unik-studio.com\/diseno-grafico\/"},"modified":"2023-12-01T15:26:48","modified_gmt":"2023-12-01T15:26:48","slug":"diseno-grafico","status":"publish","type":"page","link":"https:\/\/iguaana.com\/es\/diseno-grafico\/","title":{"rendered":"Dise\u00f1o Gr\u00e1fico"},"content":{"rendered":"\t\t<div data-elementor-type=\"wp-page\" data-elementor-id=\"18256\" class=\"elementor elementor-18256 elementor-17994\">\n\t\t\t\t\t\t\t<div class=\"elementor-element elementor-element-5e42f56 e-flex e-con-boxed e-con e-parent\" data-id=\"5e42f56\" data-element_type=\"container\" data-settings=\"{&quot;content_width&quot;:&quot;boxed&quot;}\" data-core-v316-plus=\"true\">\n\t\t\t\t\t<div class=\"e-con-inner\">\n\t\t\t\t<div class=\"elementor-element elementor-element-464bcba elementor-widget__width-inherit elementor-pagination-position-inside elementor-arrows-position-inside elementor-widget elementor-widget-image-carousel\" data-id=\"464bcba\" data-element_type=\"widget\" data-settings=\"{&quot;slides_to_show&quot;:&quot;1&quot;,&quot;navigation&quot;:&quot;both&quot;,&quot;autoplay&quot;:&quot;yes&quot;,&quot;pause_on_hover&quot;:&quot;yes&quot;,&quot;pause_on_interaction&quot;:&quot;yes&quot;,&quot;autoplay_speed&quot;:5000,&quot;infinite&quot;:&quot;yes&quot;,&quot;effect&quot;:&quot;slide&quot;,&quot;speed&quot;:500}\" data-widget_type=\"image-carousel.default\">\n\t\t\t\t<div class=\"elementor-widget-container\">\n\t\t\t<style>\/*! elementor - v3.18.0 - 20-12-2023 *\/\n.elementor-widget-image-carousel .swiper,.elementor-widget-image-carousel .swiper-container{position:static}.elementor-widget-image-carousel .swiper-container .swiper-slide figure,.elementor-widget-image-carousel .swiper .swiper-slide figure{line-height:inherit}.elementor-widget-image-carousel .swiper-slide{text-align:center}.elementor-image-carousel-wrapper:not(.swiper-container-initialized):not(.swiper-initialized) .swiper-slide{max-width:calc(100% \/ var(--e-image-carousel-slides-to-show, 3))}<\/style>\t\t<div class=\"elementor-image-carousel-wrapper swiper\" dir=\"ltr\">\n\t\t\t<div class=\"elementor-image-carousel swiper-wrapper swiper-image-stretch\" aria-live=\"off\">\n\t\t\t\t\t\t\t\t<div class=\"swiper-slide\" role=\"group\" aria-roledescription=\"slide\" aria-label=\"1 de 3\"><figure class=\"swiper-slide-inner\"><img decoding=\"async\" class=\"swiper-slide-image\" src=\"https:\/\/iguaana.com\/wp-content\/uploads\/2023\/11\/disseny_grafic_03.jpg\" alt=\"Dise\u00f1o Gr\u00e1fico\" \/><\/figure><\/div><div class=\"swiper-slide\" role=\"group\" aria-roledescription=\"slide\" aria-label=\"2 de 3\"><figure class=\"swiper-slide-inner\"><img decoding=\"async\" class=\"swiper-slide-image\" src=\"https:\/\/iguaana.com\/wp-content\/uploads\/2023\/11\/disseny_grafic_01.jpg\" alt=\"Dise\u00f1o Gr\u00e1fico 1\" \/><\/figure><\/div><div class=\"swiper-slide\" role=\"group\" aria-roledescription=\"slide\" aria-label=\"3 de 3\"><figure class=\"swiper-slide-inner\"><img decoding=\"async\" class=\"swiper-slide-image\" src=\"https:\/\/iguaana.com\/wp-content\/uploads\/2023\/11\/disseny_grafic_02.jpg\" alt=\"Dise\u00f1o Gr\u00e1fico 3\" \/><\/figure><\/div>\t\t\t<\/div>\n\t\t\t\t\t\t\t\t\t\t\t\t<div class=\"elementor-swiper-button elementor-swiper-button-prev\" role=\"button\" tabindex=\"0\">\n\t\t\t\t\t\t<i aria-hidden=\"true\" class=\"eicon-chevron-left\"><\/i>\t\t\t\t\t<\/div>\n\t\t\t\t\t<div class=\"elementor-swiper-button elementor-swiper-button-next\" role=\"button\" tabindex=\"0\">\n\t\t\t\t\t\t<i aria-hidden=\"true\" class=\"eicon-chevron-right\"><\/i>\t\t\t\t\t<\/div>\n\t\t\t\t\n\t\t\t\t\t\t\t\t\t<div class=\"swiper-pagination\"><\/div>\n\t\t\t\t\t\t\t\t\t<\/div>\n\t\t\t\t<\/div>\n\t\t\t\t<\/div>\n\t\t\t\t\t<\/div>\n\t\t\t\t<\/div>\n\t\t<div class=\"elementor-element elementor-element-0c41d71 e-flex e-con-boxed e-con e-parent\" data-id=\"0c41d71\" data-element_type=\"container\" data-settings=\"{&quot;content_width&quot;:&quot;boxed&quot;}\" data-core-v316-plus=\"true\">\n\t\t\t\t\t<div class=\"e-con-inner\">\n\t\t\t\t<div class=\"elementor-element elementor-element-478884c elementor-widget elementor-widget-heading\" data-id=\"478884c\" data-element_type=\"widget\" data-widget_type=\"heading.default\">\n\t\t\t\t<div class=\"elementor-widget-container\">\n\t\t\t<style>\/*! elementor - v3.18.0 - 20-12-2023 *\/\n.elementor-heading-title{padding:0;margin:0;line-height:1}.elementor-widget-heading .elementor-heading-title[class*=elementor-size-]>a{color:inherit;font-size:inherit;line-height:inherit}.elementor-widget-heading .elementor-heading-title.elementor-size-small{font-size:15px}.elementor-widget-heading .elementor-heading-title.elementor-size-medium{font-size:19px}.elementor-widget-heading .elementor-heading-title.elementor-size-large{font-size:29px}.elementor-widget-heading .elementor-heading-title.elementor-size-xl{font-size:39px}.elementor-widget-heading .elementor-heading-title.elementor-size-xxl{font-size:59px}<\/style><h3 class=\"elementor-heading-title elementor-size-default\">Dise\u00f1o gr\u00e1fico<\/h3>\t\t<\/div>\n\t\t\t\t<\/div>\n\t\t\t\t<div class=\"elementor-element elementor-element-83bf7f8 elementor-widget elementor-widget-text-editor\" data-id=\"83bf7f8\" data-element_type=\"widget\" data-widget_type=\"text-editor.default\">\n\t\t\t\t<div class=\"elementor-widget-container\">\n\t\t\t<style>\/*! elementor - v3.18.0 - 20-12-2023 *\/\n.elementor-widget-text-editor.elementor-drop-cap-view-stacked .elementor-drop-cap{background-color:#69727d;color:#fff}.elementor-widget-text-editor.elementor-drop-cap-view-framed .elementor-drop-cap{color:#69727d;border:3px solid;background-color:transparent}.elementor-widget-text-editor:not(.elementor-drop-cap-view-default) .elementor-drop-cap{margin-top:8px}.elementor-widget-text-editor:not(.elementor-drop-cap-view-default) .elementor-drop-cap-letter{width:1em;height:1em}.elementor-widget-text-editor .elementor-drop-cap{float:left;text-align:center;line-height:1;font-size:50px}.elementor-widget-text-editor .elementor-drop-cap-letter{display:inline-block}<\/style>\t\t\t\t<p>Bienvenido a la secci\u00f3n de dise\u00f1o gr\u00e1fico de nuestra web, donde damos vida a tu visi\u00f3n y forma a tus ideas. Descubre c\u00f3mo podemos aumentar la presencia de tu marca y llevar tu comunicaci\u00f3n visual a otro nivel:<\/p>\n\t\t\t\t\t\t<\/div>\n\t\t\t\t<\/div>\n\t\t\t\t<div class=\"elementor-element elementor-element-286be05 elementor-widget elementor-widget-heading\" data-id=\"286be05\" data-element_type=\"widget\" data-widget_type=\"heading.default\">\n\t\t\t\t<div class=\"elementor-widget-container\">\n\t\t\t<h4 class=\"elementor-heading-title elementor-size-default\">Branding<\/h4>\t\t<\/div>\n\t\t\t\t<\/div>\n\t\t\t\t<div class=\"elementor-element elementor-element-15eab57 elementor-widget elementor-widget-text-editor\" data-id=\"15eab57\" data-element_type=\"widget\" data-widget_type=\"text-editor.default\">\n\t\t\t\t<div class=\"elementor-widget-container\">\n\t\t\t\t\t\t\t<p>El branding o gesti\u00f3n de marca es uno de los pilares fundamentales de una empresa. Vamos a crear conjuntamente una narrativa visual que defina <strong>qui\u00e9n eres,<\/strong> construyendo una identidad de marca \u00fanica que te permita crear un v\u00ednculo con tu audiencia. Desde la elecci\u00f3n de colores representativos que comuniquen tus valores, hasta la creaci\u00f3n de un logotipo que sea el sello diferenciador de tu marca, cada elemento se seleccionar\u00e1 con precisi\u00f3n para comunicar y conectar con tus clientes. Con nuestra creatividad e ideas vamos a crear tu identidad corporativa.<\/p>\n\t\t\t\t\t\t<\/div>\n\t\t\t\t<\/div>\n\t\t\t\t<div class=\"elementor-element elementor-element-a429009 elementor-widget elementor-widget-heading\" data-id=\"a429009\" data-element_type=\"widget\" data-widget_type=\"heading.default\">\n\t\t\t\t<div class=\"elementor-widget-container\">\n\t\t\t<h4 class=\"elementor-heading-title elementor-size-default\">Comunicaci\u00f3n Gr\u00e1fica<\/h4>\t\t<\/div>\n\t\t\t\t<\/div>\n\t\t\t\t<div class=\"elementor-element elementor-element-8b8fecd elementor-widget elementor-widget-text-editor\" data-id=\"8b8fecd\" data-element_type=\"widget\" data-widget_type=\"text-editor.default\">\n\t\t\t\t<div class=\"elementor-widget-container\">\n\t\t\t\t\t\t\t<p>En un mundo saturado de informaci\u00f3n, destacar es esencial. Nuestra experiencia en comunicaci\u00f3n gr\u00e1fica te ayudar\u00e1 a comunicar el mensaje que quieres transmitir de forma atractiva. Por medio de dise\u00f1os para redes sociales, banners publicitarios, o carteles, conseguiremos captar la atenci\u00f3n y dejar una impronta importante. Transformaremos ideas en im\u00e1genes que cuentan historias y que conecten con la audiencia.<\/p>\n\t\t\t\t\t\t<\/div>\n\t\t\t\t<\/div>\n\t\t\t\t<div class=\"elementor-element elementor-element-52dfec2 elementor-widget elementor-widget-heading\" data-id=\"52dfec2\" data-element_type=\"widget\" data-widget_type=\"heading.default\">\n\t\t\t\t<div class=\"elementor-widget-container\">\n\t\t\t<h4 class=\"elementor-heading-title elementor-size-default\">Dise\u00f1o y Maquetaci\u00f3n Editorial<\/h4>\t\t<\/div>\n\t\t\t\t<\/div>\n\t\t\t\t<div class=\"elementor-element elementor-element-601963a elementor-widget elementor-widget-text-editor\" data-id=\"601963a\" data-element_type=\"widget\" data-widget_type=\"text-editor.default\">\n\t\t\t\t<div class=\"elementor-widget-container\">\n\t\t\t\t\t\t\t<p>Cada p\u00e1gina cuenta una historia, y nuestro objetivo en cuanto al dise\u00f1o y maquetaci\u00f3n editorial garantiza que tu narrativa llegue a tu audiencia con elegancia y claridad, explorando cada detalle a fondo para crear un contenido atractivo y preciso. Nuestros dise\u00f1os no s\u00f3lo informan, sino que tambi\u00e9n conectan visualmente. Descubre c\u00f3mo transformar tus ideas en publicaciones fascinantes y visualmente impactantes.<\/p>\n\t\t\t\t\t\t<\/div>\n\t\t\t\t<\/div>\n\t\t\t\t\t<\/div>\n\t\t\t\t<\/div>\n\t\t\t\t\t\t\t<\/div>\n\t\t","protected":false},"excerpt":{"rendered":"<p>Dise\u00f1o gr\u00e1fico Bienvenido a la secci\u00f3n de dise\u00f1o gr\u00e1fico de nuestra web, donde damos vida a tu visi\u00f3n y forma a tus ideas. Descubre c\u00f3mo podemos aumentar la presencia de tu marca y llevar tu comunicaci\u00f3n visual a otro nivel: Branding El branding o gesti\u00f3n de marca es uno de los pilares fundamentales de una &hellip;<\/p>\n","protected":false},"author":1,"featured_media":0,"parent":0,"menu_order":0,"comment_status":"closed","ping_status":"closed","template":"","meta":{"footnotes":""},"_links":{"self":[{"href":"https:\/\/iguaana.com\/es\/wp-json\/wp\/v2\/pages\/18256"}],"collection":[{"href":"https:\/\/iguaana.com\/es\/wp-json\/wp\/v2\/pages"}],"about":[{"href":"https:\/\/iguaana.com\/es\/wp-json\/wp\/v2\/types\/page"}],"author":[{"embeddable":true,"href":"https:\/\/iguaana.com\/es\/wp-json\/wp\/v2\/users\/1"}],"replies":[{"embeddable":true,"href":"https:\/\/iguaana.com\/es\/wp-json\/wp\/v2\/comments?post=18256"}],"version-history":[{"count":23,"href":"https:\/\/iguaana.com\/es\/wp-json\/wp\/v2\/pages\/18256\/revisions"}],"predecessor-version":[{"id":33676,"href":"https:\/\/iguaana.com\/es\/wp-json\/wp\/v2\/pages\/18256\/revisions\/33676"}],"wp:attachment":[{"href":"https:\/\/iguaana.com\/es\/wp-json\/wp\/v2\/media?parent=18256"}],"curies":[{"name":"wp","href":"https:\/\/api.w.org\/{rel}","templated":true}]}}