{"id":18318,"date":"2023-11-27T10:17:23","date_gmt":"2023-11-27T10:17:23","guid":{"rendered":"https:\/\/unik-studio.com\/servicios-de-impresion\/"},"modified":"2023-12-05T11:29:15","modified_gmt":"2023-12-05T11:29:15","slug":"servicios-de-impresion","status":"publish","type":"page","link":"https:\/\/iguaana.com\/es\/servicios-de-impresion\/","title":{"rendered":"Servicios de impresi\u00f3n"},"content":{"rendered":"\t\t<div data-elementor-type=\"wp-page\" data-elementor-id=\"18318\" class=\"elementor elementor-18318 elementor-17996\">\n\t\t\t\t\t\t\t<div class=\"elementor-element elementor-element-24695da e-flex e-con-boxed e-con e-parent\" data-id=\"24695da\" data-element_type=\"container\" data-settings=\"{&quot;content_width&quot;:&quot;boxed&quot;}\" data-core-v316-plus=\"true\">\n\t\t\t\t\t<div class=\"e-con-inner\">\n\t\t\t\t<div class=\"elementor-element elementor-element-7516df8 elementor-widget__width-inherit elementor-pagination-position-inside elementor-arrows-position-inside elementor-widget elementor-widget-image-carousel\" data-id=\"7516df8\" data-element_type=\"widget\" data-settings=\"{&quot;slides_to_show&quot;:&quot;1&quot;,&quot;navigation&quot;:&quot;both&quot;,&quot;autoplay&quot;:&quot;yes&quot;,&quot;pause_on_hover&quot;:&quot;yes&quot;,&quot;pause_on_interaction&quot;:&quot;yes&quot;,&quot;autoplay_speed&quot;:5000,&quot;infinite&quot;:&quot;yes&quot;,&quot;effect&quot;:&quot;slide&quot;,&quot;speed&quot;:500}\" data-widget_type=\"image-carousel.default\">\n\t\t\t\t<div class=\"elementor-widget-container\">\n\t\t\t<style>\/*! elementor - v3.18.0 - 20-12-2023 *\/\n.elementor-widget-image-carousel .swiper,.elementor-widget-image-carousel .swiper-container{position:static}.elementor-widget-image-carousel .swiper-container .swiper-slide figure,.elementor-widget-image-carousel .swiper .swiper-slide figure{line-height:inherit}.elementor-widget-image-carousel .swiper-slide{text-align:center}.elementor-image-carousel-wrapper:not(.swiper-container-initialized):not(.swiper-initialized) .swiper-slide{max-width:calc(100% \/ var(--e-image-carousel-slides-to-show, 3))}<\/style>\t\t<div class=\"elementor-image-carousel-wrapper swiper\" dir=\"ltr\">\n\t\t\t<div class=\"elementor-image-carousel swiper-wrapper swiper-image-stretch\" aria-live=\"off\">\n\t\t\t\t\t\t\t\t<div class=\"swiper-slide\" role=\"group\" aria-roledescription=\"slide\" aria-label=\"1 de 3\"><figure class=\"swiper-slide-inner\"><img decoding=\"async\" class=\"swiper-slide-image\" src=\"https:\/\/iguaana.com\/wp-content\/uploads\/2023\/11\/Serveis_impressio_02.jpg\" alt=\"Servicios de Impresi\u00f3n 1\" \/><\/figure><\/div><div class=\"swiper-slide\" role=\"group\" aria-roledescription=\"slide\" aria-label=\"2 de 3\"><figure class=\"swiper-slide-inner\"><img decoding=\"async\" class=\"swiper-slide-image\" src=\"https:\/\/iguaana.com\/wp-content\/uploads\/2023\/11\/Serveis_impressio_01.jpg\" alt=\"Servicios de Impresi\u00f3n 2\" \/><\/figure><\/div><div class=\"swiper-slide\" role=\"group\" aria-roledescription=\"slide\" aria-label=\"3 de 3\"><figure class=\"swiper-slide-inner\"><img decoding=\"async\" class=\"swiper-slide-image\" src=\"https:\/\/iguaana.com\/wp-content\/uploads\/2023\/11\/Serveis_impressio_03.jpg\" alt=\"Servicios de Impresi\u00f3n\" \/><\/figure><\/div>\t\t\t<\/div>\n\t\t\t\t\t\t\t\t\t\t\t\t<div class=\"elementor-swiper-button elementor-swiper-button-prev\" role=\"button\" tabindex=\"0\">\n\t\t\t\t\t\t<i aria-hidden=\"true\" class=\"eicon-chevron-left\"><\/i>\t\t\t\t\t<\/div>\n\t\t\t\t\t<div class=\"elementor-swiper-button elementor-swiper-button-next\" role=\"button\" tabindex=\"0\">\n\t\t\t\t\t\t<i aria-hidden=\"true\" class=\"eicon-chevron-right\"><\/i>\t\t\t\t\t<\/div>\n\t\t\t\t\n\t\t\t\t\t\t\t\t\t<div class=\"swiper-pagination\"><\/div>\n\t\t\t\t\t\t\t\t\t<\/div>\n\t\t\t\t<\/div>\n\t\t\t\t<\/div>\n\t\t\t\t\t<\/div>\n\t\t\t\t<\/div>\n\t\t<div class=\"elementor-element elementor-element-c8002a8 e-flex e-con-boxed e-con e-parent\" data-id=\"c8002a8\" data-element_type=\"container\" data-settings=\"{&quot;content_width&quot;:&quot;boxed&quot;}\" data-core-v316-plus=\"true\">\n\t\t\t\t\t<div class=\"e-con-inner\">\n\t\t\t\t<div class=\"elementor-element elementor-element-38696f7 elementor-widget elementor-widget-heading\" data-id=\"38696f7\" data-element_type=\"widget\" data-widget_type=\"heading.default\">\n\t\t\t\t<div class=\"elementor-widget-container\">\n\t\t\t<style>\/*! elementor - v3.18.0 - 20-12-2023 *\/\n.elementor-heading-title{padding:0;margin:0;line-height:1}.elementor-widget-heading .elementor-heading-title[class*=elementor-size-]>a{color:inherit;font-size:inherit;line-height:inherit}.elementor-widget-heading .elementor-heading-title.elementor-size-small{font-size:15px}.elementor-widget-heading .elementor-heading-title.elementor-size-medium{font-size:19px}.elementor-widget-heading .elementor-heading-title.elementor-size-large{font-size:29px}.elementor-widget-heading .elementor-heading-title.elementor-size-xl{font-size:39px}.elementor-widget-heading .elementor-heading-title.elementor-size-xxl{font-size:59px}<\/style><h3 class=\"elementor-heading-title elementor-size-default\">Serveis d'Impressi\u00f3<\/h3>\t\t<\/div>\n\t\t\t\t<\/div>\n\t\t\t\t<div class=\"elementor-element elementor-element-c2125cc elementor-widget elementor-widget-text-editor\" data-id=\"c2125cc\" data-element_type=\"widget\" data-widget_type=\"text-editor.default\">\n\t\t\t\t<div class=\"elementor-widget-container\">\n\t\t\t<style>\/*! elementor - v3.18.0 - 20-12-2023 *\/\n.elementor-widget-text-editor.elementor-drop-cap-view-stacked .elementor-drop-cap{background-color:#69727d;color:#fff}.elementor-widget-text-editor.elementor-drop-cap-view-framed .elementor-drop-cap{color:#69727d;border:3px solid;background-color:transparent}.elementor-widget-text-editor:not(.elementor-drop-cap-view-default) .elementor-drop-cap{margin-top:8px}.elementor-widget-text-editor:not(.elementor-drop-cap-view-default) .elementor-drop-cap-letter{width:1em;height:1em}.elementor-widget-text-editor .elementor-drop-cap{float:left;text-align:center;line-height:1;font-size:50px}.elementor-widget-text-editor .elementor-drop-cap-letter{display:inline-block}<\/style>\t\t\t\t<p>Nuestra oferta contiene una gran variedad de servicios que van desde tarjetas de visita hasta la rotulaci\u00f3n de veh\u00edculos, fusionando precisi\u00f3n t\u00e9cnica y expresi\u00f3n art\u00edstica para llevar tus ideas desde el plano del concepto digital hacia el mundo f\u00edsico.<\/p>\n\t\t\t\t\t\t<\/div>\n\t\t\t\t<\/div>\n\t\t\t\t<div class=\"elementor-element elementor-element-c153b80 elementor-widget elementor-widget-heading\" data-id=\"c153b80\" data-element_type=\"widget\" data-widget_type=\"heading.default\">\n\t\t\t\t<div class=\"elementor-widget-container\">\n\t\t\t<h4 class=\"elementor-heading-title elementor-size-default\">Tarjetas de visita<\/h4>\t\t<\/div>\n\t\t\t\t<\/div>\n\t\t\t\t<div class=\"elementor-element elementor-element-0f8ea69 elementor-widget elementor-widget-text-editor\" data-id=\"0f8ea69\" data-element_type=\"widget\" data-widget_type=\"text-editor.default\">\n\t\t\t\t<div class=\"elementor-widget-container\">\n\t\t\t\t\t\t\t<p>Las tarjetas de visita representan una herramienta esencial en el mundo empresarial, puesto que es la puerta de presentaci\u00f3n con tus contactos. En nuestro servicio de impresi\u00f3n de tarjetas de visita, nos enfocamos en la calidad del dise\u00f1o y la elecci\u00f3n de materiales para asegurar que cada tarjeta muestra un perfecto equilibrio entre profesionalidad, creatividad e identidad coorporativa.<\/p>\n\t\t\t\t\t\t<\/div>\n\t\t\t\t<\/div>\n\t\t\t\t<div class=\"elementor-element elementor-element-d49d891 elementor-widget elementor-widget-heading\" data-id=\"d49d891\" data-element_type=\"widget\" data-widget_type=\"heading.default\">\n\t\t\t\t<div class=\"elementor-widget-container\">\n\t\t\t<h4 class=\"elementor-heading-title elementor-size-default\">Folletos Publicitarios<\/h4>\t\t<\/div>\n\t\t\t\t<\/div>\n\t\t\t\t<div class=\"elementor-element elementor-element-485732b elementor-widget elementor-widget-text-editor\" data-id=\"485732b\" data-element_type=\"widget\" data-widget_type=\"text-editor.default\">\n\t\t\t\t<div class=\"elementor-widget-container\">\n\t\t\t\t\t\t\t<p>Los folletos publicitarios son herramientas de comunicaci\u00f3n vers\u00e1tiles para transmitir informaci\u00f3n detallada de forma visualmente atractiva. Desde la disposici\u00f3n estrat\u00e9gica de los textos hasta la selecci\u00f3n de im\u00e1genes atractivas, nuestra impresi\u00f3n de folletos busca captar la atenci\u00f3n del lector y comunicar un mensaje clave de forma clara y efectiva.<\/p>\n\t\t\t\t\t\t<\/div>\n\t\t\t\t<\/div>\n\t\t\t\t<div class=\"elementor-element elementor-element-881c870 elementor-widget elementor-widget-heading\" data-id=\"881c870\" data-element_type=\"widget\" data-widget_type=\"heading.default\">\n\t\t\t\t<div class=\"elementor-widget-container\">\n\t\t\t<h4 class=\"elementor-heading-title elementor-size-default\">Revistas y Cat\u00e1logos<\/h4>\t\t<\/div>\n\t\t\t\t<\/div>\n\t\t\t\t<div class=\"elementor-element elementor-element-6a5ff1d elementor-widget elementor-widget-text-editor\" data-id=\"6a5ff1d\" data-element_type=\"widget\" data-widget_type=\"text-editor.default\">\n\t\t\t\t<div class=\"elementor-widget-container\">\n\t\t\t\t\t\t\t<p>La impresi\u00f3n de revistas y cat\u00e1logos implica la creaci\u00f3n de una maquetaci\u00f3n individual y creativa, la selecci\u00f3n del papel y una impresi\u00f3n de alta calidad para dotar de vida a tus contenidos, ya sea en forma de una revista o un cat\u00e1logo .<\/p>\n\t\t\t\t\t\t<\/div>\n\t\t\t\t<\/div>\n\t\t\t\t<div class=\"elementor-element elementor-element-f5c09d7 elementor-widget elementor-widget-heading\" data-id=\"f5c09d7\" data-element_type=\"widget\" data-widget_type=\"heading.default\">\n\t\t\t\t<div class=\"elementor-widget-container\">\n\t\t\t<h4 class=\"elementor-heading-title elementor-size-default\">Lonas<\/h4>\t\t<\/div>\n\t\t\t\t<\/div>\n\t\t\t\t<div class=\"elementor-element elementor-element-718286c elementor-widget elementor-widget-text-editor\" data-id=\"718286c\" data-element_type=\"widget\" data-widget_type=\"text-editor.default\">\n\t\t\t\t<div class=\"elementor-widget-container\">\n\t\t\t\t\t\t\t<p>Las lonas ofrecen un lienzo en blanco para tus mensajes. Ya sea para eventos, promociones o se\u00f1alizaci\u00f3n exterior, nuestra impresi\u00f3n en lonas est\u00e1 centrada en la calidad del material y de la impresi\u00f3n a fin de garantizar que tus mensajes destaquen con un gran impacto visual, incluso a larga distancia.<\/p>\n\t\t\t\t\t\t<\/div>\n\t\t\t\t<\/div>\n\t\t\t\t<div class=\"elementor-element elementor-element-100bb29 elementor-widget elementor-widget-heading\" data-id=\"100bb29\" data-element_type=\"widget\" data-widget_type=\"heading.default\">\n\t\t\t\t<div class=\"elementor-widget-container\">\n\t\t\t<h4 class=\"elementor-heading-title elementor-size-default\">Pancartas<\/h4>\t\t<\/div>\n\t\t\t\t<\/div>\n\t\t\t\t<div class=\"elementor-element elementor-element-4fc6c07 elementor-widget elementor-widget-text-editor\" data-id=\"4fc6c07\" data-element_type=\"widget\" data-widget_type=\"text-editor.default\">\n\t\t\t\t<div class=\"elementor-widget-container\">\n\t\t\t\t\t\t\t<p>Nuestra impresi\u00f3n de pancartas destaca por la claridad del dise\u00f1o y durabilidad del material, asegurando que tus mensajes resistan las condiciones del entorno exterior manteniendo una presencia visual impactante.<\/p>\n\t\t\t\t\t\t<\/div>\n\t\t\t\t<\/div>\n\t\t\t\t<div class=\"elementor-element elementor-element-7de7eb5 elementor-widget elementor-widget-heading\" data-id=\"7de7eb5\" data-element_type=\"widget\" data-widget_type=\"heading.default\">\n\t\t\t\t<div class=\"elementor-widget-container\">\n\t\t\t<h4 class=\"elementor-heading-title elementor-size-default\">Rollups<\/h4>\t\t<\/div>\n\t\t\t\t<\/div>\n\t\t\t\t<div class=\"elementor-element elementor-element-1b88225 elementor-widget elementor-widget-text-editor\" data-id=\"1b88225\" data-element_type=\"widget\" data-widget_type=\"text-editor.default\">\n\t\t\t\t<div class=\"elementor-widget-container\">\n\t\t\t\t\t\t\t<p>Los rollups son herramientas que permiten una presentaci\u00f3n de un mensaje de forma port\u00e1til y que combinan practicidad con est\u00e9tica. Uno de los pilares fundamentales de nuestra impresi\u00f3n de rollups, es la calidad del material as\u00ed como la resoluci\u00f3n de la impresi\u00f3n para asegurar que tus comunicaciones se capturen la atenci\u00f3n en cualquier entorno.<\/p>\n\t\t\t\t\t\t<\/div>\n\t\t\t\t<\/div>\n\t\t\t\t<div class=\"elementor-element elementor-element-69ccf7e elementor-widget elementor-widget-heading\" data-id=\"69ccf7e\" data-element_type=\"widget\" data-widget_type=\"heading.default\">\n\t\t\t\t<div class=\"elementor-widget-container\">\n\t\t\t<h4 class=\"elementor-heading-title elementor-size-default\">Banderas<\/h4>\t\t<\/div>\n\t\t\t\t<\/div>\n\t\t\t\t<div class=\"elementor-element elementor-element-be639a4 elementor-widget elementor-widget-text-editor\" data-id=\"be639a4\" data-element_type=\"widget\" data-widget_type=\"text-editor.default\">\n\t\t\t\t<div class=\"elementor-widget-container\">\n\t\t\t\t\t\t\t<p>Las banderas representan una forma \u00fanica de llevar tus productos a nuevos niveles de visibilidad. Nuestra impresi\u00f3n de banderas se centra en la calidad del tejido y la definici\u00f3n de la impresi\u00f3n, asegurando un dise\u00f1o creativo y equilibrado para que tu marca destaque en cualquier entorno.<\/p>\n\t\t\t\t\t\t<\/div>\n\t\t\t\t<\/div>\n\t\t\t\t<div class=\"elementor-element elementor-element-feb7b5d elementor-widget elementor-widget-heading\" data-id=\"feb7b5d\" data-element_type=\"widget\" data-widget_type=\"heading.default\">\n\t\t\t\t<div class=\"elementor-widget-container\">\n\t\t\t<h4 class=\"elementor-heading-title elementor-size-default\">Rotulaci\u00f3n de Veh\u00edculos<\/h4>\t\t<\/div>\n\t\t\t\t<\/div>\n\t\t\t\t<div class=\"elementor-element elementor-element-feba6e2 elementor-widget elementor-widget-text-editor\" data-id=\"feba6e2\" data-element_type=\"widget\" data-widget_type=\"text-editor.default\">\n\t\t\t\t<div class=\"elementor-widget-container\">\n\t\t\t\t\t\t\t<p>La rotulaci\u00f3n de veh\u00edculos ofrece una forma din\u00e1mica de llevar tu marca a todas partes. Somos especialistas en la impresi\u00f3n de r\u00f3tulos que combinan creatividad y durabilidad.<\/p>\n\t\t\t\t\t\t<\/div>\n\t\t\t\t<\/div>\n\t\t\t\t\t<\/div>\n\t\t\t\t<\/div>\n\t\t\t\t\t\t\t<\/div>\n\t\t","protected":false},"excerpt":{"rendered":"<p>Serveis d&#8217;Impressi\u00f3 Nuestra oferta contiene una gran variedad de servicios que van desde tarjetas de visita hasta la rotulaci\u00f3n de veh\u00edculos, fusionando precisi\u00f3n t\u00e9cnica y expresi\u00f3n art\u00edstica para llevar tus ideas desde el plano del concepto digital hacia el mundo f\u00edsico. Tarjetas de visita Las tarjetas de visita representan una herramienta esencial en el mundo &hellip;<\/p>\n","protected":false},"author":1,"featured_media":0,"parent":0,"menu_order":0,"comment_status":"closed","ping_status":"closed","template":"","meta":{"footnotes":""},"_links":{"self":[{"href":"https:\/\/iguaana.com\/es\/wp-json\/wp\/v2\/pages\/18318"}],"collection":[{"href":"https:\/\/iguaana.com\/es\/wp-json\/wp\/v2\/pages"}],"about":[{"href":"https:\/\/iguaana.com\/es\/wp-json\/wp\/v2\/types\/page"}],"author":[{"embeddable":true,"href":"https:\/\/iguaana.com\/es\/wp-json\/wp\/v2\/users\/1"}],"replies":[{"embeddable":true,"href":"https:\/\/iguaana.com\/es\/wp-json\/wp\/v2\/comments?post=18318"}],"version-history":[{"count":11,"href":"https:\/\/iguaana.com\/es\/wp-json\/wp\/v2\/pages\/18318\/revisions"}],"predecessor-version":[{"id":33710,"href":"https:\/\/iguaana.com\/es\/wp-json\/wp\/v2\/pages\/18318\/revisions\/33710"}],"wp:attachment":[{"href":"https:\/\/iguaana.com\/es\/wp-json\/wp\/v2\/media?parent=18318"}],"curies":[{"name":"wp","href":"https:\/\/api.w.org\/{rel}","templated":true}]}}