{"id":19812,"date":"2023-11-23T11:40:43","date_gmt":"2023-11-23T11:40:43","guid":{"rendered":"https:\/\/unik-studio.com\/producte\/bolsa-playa-nautica\/"},"modified":"2023-11-29T15:28:05","modified_gmt":"2023-11-29T15:28:05","slug":"bolsa-playa-nautica","status":"publish","type":"product","link":"https:\/\/iguaana.com\/es\/producto\/bolsa-playa-nautica\/","title":{"rendered":"Bolsa playa n\u00e1utica"},"content":{"rendered":"<p><strong>T\u00c9CNICAS DE ESTAMPACI\u00d3N:<\/strong><\/p>\n<ul>\n<li><strong>Vinilo textil:<\/strong> La estampaci\u00f3n en vinilo textil es una t\u00e9cnica ideal para dise\u00f1os sencillos a un solo color, es muy utilizado para estampar nombres, n\u00fameros o logotipos.<\/li>\n<li><strong>Impresi\u00f3n Digital Directa:<\/strong> La impresi\u00f3n digital permite estampar camisetas de algod\u00f3n 100% con fotograf\u00edas y dise\u00f1os con degradados mediante un trazador de impresi\u00f3n de excelente calidad.<\/li>\n<li><strong>Sublimaci\u00f3n:<\/strong> Es la t\u00e9cnica de estampaci\u00f3n con la que podemos reproducir cualquier tipo de dise\u00f1o sin limitaciones de colores sobre piezas blancas de poli\u00e9ster 100%.<\/li>\n<li><strong>Serigraf\u00eda:<\/strong> La serigraf\u00eda consiste en transferir tinta a trav\u00e9s de una pantalla serigr\u00e1fica. Este sistema de impresi\u00f3n se utiliza para grandes unidades.<\/li>\n<li><strong>Impresi\u00f3n DTF<\/strong>: \u00abDirect Transfer to Film\u00bb es la t\u00e9cnica de impresi\u00f3n digital m\u00e1s innovadora con la que puedes personalizar tanto textiles de casi cualquier composici\u00f3n o color como tambi\u00e9n r\u00edgidos.<\/li>\n<li><strong>Bordados:<\/strong> El bordado es una t\u00e9cnica de impresi\u00f3n que consiste en la ornamentaci\u00f3n por medio de hebras textiles. Puede realizarse sobre piel, tela u otros tejidos como seda, llama o lino.<\/li>\n<\/ul>\n","protected":false},"excerpt":{"rendered":"<p>Recuerda que antes de realizarnos cualquier pago validaremos contigo tu pedido de forma personalizada.<\/p>\n","protected":false},"featured_media":15855,"template":"","meta":[],"product_cat":[367,366],"product_tag":[],"_links":{"self":[{"href":"https:\/\/iguaana.com\/es\/wp-json\/wp\/v2\/product\/19812"}],"collection":[{"href":"https:\/\/iguaana.com\/es\/wp-json\/wp\/v2\/product"}],"about":[{"href":"https:\/\/iguaana.com\/es\/wp-json\/wp\/v2\/types\/product"}],"wp:featuredmedia":[{"embeddable":true,"href":"https:\/\/iguaana.com\/es\/wp-json\/wp\/v2\/media\/15855"}],"wp:attachment":[{"href":"https:\/\/iguaana.com\/es\/wp-json\/wp\/v2\/media?parent=19812"}],"wp:term":[{"taxonomy":"product_cat","embeddable":true,"href":"https:\/\/iguaana.com\/es\/wp-json\/wp\/v2\/product_cat?post=19812"},{"taxonomy":"product_tag","embeddable":true,"href":"https:\/\/iguaana.com\/es\/wp-json\/wp\/v2\/product_tag?post=19812"}],"curies":[{"name":"wp","href":"https:\/\/api.w.org\/{rel}","templated":true}]}}